{"id":991,"date":"2015-08-15T23:11:00","date_gmt":"2015-08-16T04:11:00","guid":{"rendered":"https:\/\/apply.wmdk.com\/login\/"},"modified":"2018-03-15T12:35:37","modified_gmt":"2018-03-15T17:35:37","slug":"login","status":"publish","type":"page","link":"https:\/\/apply.wmdk.com\/es_ar\/login\/","title":{"rendered":"Acceso"},"content":{"rendered":"<p><span><span style=\"color: #ff0000;\"><strong>Usted no se ha identificado.<\/strong><\/span><\/span><\/p>\n<p>Si ya tiene una cuenta o recibe un mensaje que indica que su correo electr\u00f3nico ya est\u00e1 en uso,\u00a0<strong> no te registres de nuevo<\/strong>, justo<strong> acceso<\/strong>.<\/p>\n<p>Si no tiene una cuenta en Soo Bahk Do Biz Network, puede registrarse haciendo clic en los \u00edconos de redes sociales a continuaci\u00f3n (si se muestran) o completando el formulario a continuaci\u00f3n.<\/p>\n<p><span><p style=\"text-align:center;\"><a href=\"https:\/\/apply.wmdk.com\/es_ar\/wp-json\/wp\/v2\/pages\/991?sbd_auth_disable=1\">Sign in with your existing Young Warrior Showcase account instead &#8594;<\/a><\/p><iframe class=\"soobahkdo-authentication\" id=\"sbd69d2149e8b1d6\" src=\"https:\/\/www.soobahkdoinstitute.com\/account\/login?method=embedded&style=transparent&client=https:\/\/apply.wmdk.com&return_to=https%3A%2F%2Fapply.wmdk.com%2Fes_ar%2Fwp-json%2Fwp%2Fv2%2Fpages%2F991&message_id=sbd69d2149e8b1d6\"><\/iframe><script>\n(function () {\n    window.addEventListener('message', function (e) {\n        if (e.origin !== 'https:\/\/www.soobahkdoinstitute.com') {\n            return;\n        }\n        \n        if (e.data.token) {\n            const form = document.createElement(\"form\");\n            form.style.visibility = 'hidden';\n            form.style.height = 0;\n\t\t    form.method = \"POST\";\n\t\t    form.action = decodeURIComponent('').replace('&reauth=1', '');\n\t\t    const createInput = (name, value) => {\n\t\t      const field = document.createElement(\"input\");\n\t\t      field.type = \"hidden\";\n\t\t      field.name = name;\n\t\t      field.value = value;\n\t\t      return field;\n\t\t    }\n\t\t\n            if (window.location.search.includes('interim-login=1')) {\n                form.appendChild(createInput(\"interim-login\", 1));\n            }\n\t\t    form.appendChild(createInput(\"token\", e.data.token));\n\t\t    form.appendChild(createInput(\"action\", \"soobahkdo_authentication\"));\n            form.appendChild(createInput(\"redirect_to\", decodeURIComponent('https:\/\/apply.wmdk.com\/es_ar\/wp-json\/wp\/v2\/pages\/991')));\n\t\t    document.body.appendChild(form);\n\t\t    form.submit();\n            return;\n        }\n        \n        if (e.data.height) {\n            const iframe = e.data.target ? document.getElementById(e.data.target) : document.getElementsByClassName('soobahkdo-authentication')[0];\n            iframe.style.height = Math.ceil(e.data.height) + 'px';\n        }\n    })\n}());\n<\/script><\/span><\/p>\n<p><span><\/span><\/p>","protected":false},"excerpt":{"rendered":"<p>Acceso<\/p>","protected":false},"author":2062,"featured_media":0,"parent":0,"menu_order":40,"comment_status":"closed","ping_status":"closed","template":"","meta":{"footnotes":""},"wf_page_folders":[],"class_list":["post-991","page","type-page","status-publish","hentry","wpbf-post"],"_links":{"self":[{"href":"https:\/\/apply.wmdk.com\/es_ar\/wp-json\/wp\/v2\/pages\/991","targetHints":{"allow":["GET"]}}],"collection":[{"href":"https:\/\/apply.wmdk.com\/es_ar\/wp-json\/wp\/v2\/pages"}],"about":[{"href":"https:\/\/apply.wmdk.com\/es_ar\/wp-json\/wp\/v2\/types\/page"}],"author":[{"embeddable":true,"href":"https:\/\/apply.wmdk.com\/es_ar\/wp-json\/wp\/v2\/users\/2062"}],"replies":[{"embeddable":true,"href":"https:\/\/apply.wmdk.com\/es_ar\/wp-json\/wp\/v2\/comments?post=991"}],"version-history":[{"count":0,"href":"https:\/\/apply.wmdk.com\/es_ar\/wp-json\/wp\/v2\/pages\/991\/revisions"}],"wp:attachment":[{"href":"https:\/\/apply.wmdk.com\/es_ar\/wp-json\/wp\/v2\/media?parent=991"}],"wp:term":[{"taxonomy":"wf_page_folders","embeddable":true,"href":"https:\/\/apply.wmdk.com\/es_ar\/wp-json\/wp\/v2\/wf_page_folders?post=991"}],"curies":[{"name":"gracias","href":"https:\/\/api.w.org\/{rel}","templated":true}]}}