{"id":20432,"date":"2020-09-23T19:49:54","date_gmt":"2020-09-24T00:49:54","guid":{"rendered":"https:\/\/apply.wmdk.com\/?page_id=20432"},"modified":"2021-04-29T13:32:28","modified_gmt":"2021-04-29T17:32:28","slug":"home","status":"publish","type":"page","link":"https:\/\/apply.wmdk.com\/es_pr\/","title":{"rendered":"Casa"},"content":{"rendered":"<div data-elementor-type=\"wp-page\" data-elementor-id=\"20432\" class=\"elementor elementor-20432\" data-elementor-post-type=\"page\">\n\t\t\t\t\t\t<section data-particle_enable=\"false\" data-particle-mobile-disabled=\"false\" class=\"elementor-section elementor-top-section elementor-element elementor-element-6ffc381 elementor-section-content-top elementor-section-stretched elementor-section-boxed elementor-section-height-default elementor-section-height-default\" data-id=\"6ffc381\" data-element_type=\"section\" data-e-type=\"section\" data-settings=\"{&quot;background_background&quot;:&quot;video&quot;,&quot;stretch_section&quot;:&quot;section-stretched&quot;,&quot;background_video_link&quot;:&quot;https:\\\/\\\/youtu.be\\\/r2ZTEhRWPEU&quot;,&quot;background_video_start&quot;:15}\">\n\t\t\t\t\t\t\t\t<div class=\"elementor-background-video-container elementor-hidden-mobile\">\n\t\t\t\t\t\t\t\t\t\t\t\t\t<div class=\"elementor-background-video-embed\" role=\"presentation\"><\/div>\n\t\t\t\t\t\t\t\t\t\t\t\t<\/div>\n\t\t\t\t\t\t\t\t\t<div class=\"elementor-background-overlay\"><\/div>\n\t\t\t\t\t\t\t<div class=\"elementor-container elementor-column-gap-default\">\n\t\t\t\t\t<div class=\"elementor-column elementor-col-100 elementor-top-column elementor-element elementor-element-71dcb4a\" data-id=\"71dcb4a\" data-element_type=\"column\" data-e-type=\"column\">\n\t\t\t<div class=\"elementor-widget-wrap elementor-element-populated\">\n\t\t\t\t\t\t<section data-particle_enable=\"false\" data-particle-mobile-disabled=\"false\" class=\"elementor-section elementor-inner-section elementor-element elementor-element-4c46f1b elementor-section-boxed elementor-section-height-default elementor-section-height-default\" data-id=\"4c46f1b\" data-element_type=\"section\" data-e-type=\"section\">\n\t\t\t\t\t\t<div class=\"elementor-container elementor-column-gap-default\">\n\t\t\t\t\t<div class=\"elementor-column elementor-col-100 elementor-inner-column elementor-element elementor-element-45329e8\" data-id=\"45329e8\" data-element_type=\"column\" data-e-type=\"column\">\n\t\t\t<div class=\"elementor-widget-wrap elementor-element-populated\">\n\t\t\t\t\t\t<div class=\"elementor-element elementor-element-1919ee75 elementor-widget elementor-widget-heading\" data-id=\"1919ee75\" data-element_type=\"widget\" data-e-type=\"widget\" data-widget_type=\"heading.default\">\n\t\t\t\t<div class=\"elementor-widget-container\">\n\t\t\t\t\t<h1 class=\"elementor-heading-title elementor-size-default\">Moo Duk Kwan\u00ae <br>MUESTRA DE JOVEN GUERRERO<\/h1>\t\t\t\t<\/div>\n\t\t\t\t<\/div>\n\t\t\t\t\t<\/div>\n\t\t<\/div>\n\t\t\t\t\t<\/div>\n\t\t<\/section>\n\t\t\t\t<div class=\"elementor-element elementor-element-6de8744 elementor-widget elementor-widget-spacer\" data-id=\"6de8744\" data-element_type=\"widget\" data-e-type=\"widget\" data-widget_type=\"spacer.default\">\n\t\t\t\t<div class=\"elementor-widget-container\">\n\t\t\t\t\t\t\t<div class=\"elementor-spacer\">\n\t\t\t<div class=\"elementor-spacer-inner\"><\/div>\n\t\t<\/div>\n\t\t\t\t\t\t<\/div>\n\t\t\t\t<\/div>\n\t\t\t\t<div class=\"elementor-element elementor-element-1942677 elementor-arrows-position-inside elementor-widget elementor-widget-image-carousel\" data-id=\"1942677\" data-element_type=\"widget\" data-e-type=\"widget\" data-settings=\"{&quot;slides_to_show&quot;:&quot;8&quot;,&quot;slides_to_scroll&quot;:&quot;1&quot;,&quot;navigation&quot;:&quot;arrows&quot;,&quot;autoplay_speed&quot;:2000,&quot;speed&quot;:300,&quot;autoplay&quot;:&quot;yes&quot;,&quot;pause_on_hover&quot;:&quot;yes&quot;,&quot;pause_on_interaction&quot;:&quot;yes&quot;,&quot;infinite&quot;:&quot;yes&quot;}\" data-widget_type=\"image-carousel.default\">\n\t\t\t\t<div class=\"elementor-widget-container\">\n\t\t\t\t\t\t\t<div class=\"elementor-image-carousel-wrapper swiper\" role=\"region\" aria-roledescription=\"carousel\" aria-label=\"Carrusel de im\u00e1genes\" dir=\"ltr\">\n\t\t\t<div class=\"elementor-image-carousel swiper-wrapper\" aria-live=\"off\">\n\t\t\t\t\t\t\t\t<div class=\"swiper-slide\" role=\"group\" aria-roledescription=\"slide\" aria-label=\"1 de 21\"><figure class=\"swiper-slide-inner\"><img decoding=\"async\" class=\"swiper-slide-image\" src=\"https:\/\/apply.wmdk.com\/files\/elementor\/thumbs\/patch-wmdk-trans-euro-fed-200x199-1-ovxzdfa3crhdu9gahhmvm01zibz1udv47bm0qnr2lk.png\" alt=\"patch-wmdk-trans-euro-fed-200x199\" \/><\/figure><\/div><div class=\"swiper-slide\" role=\"group\" aria-roledescription=\"slide\" aria-label=\"2 de 21\"><figure class=\"swiper-slide-inner\"><img decoding=\"async\" class=\"swiper-slide-image\" src=\"https:\/\/apply.wmdk.com\/files\/elementor\/thumbs\/patch-wmdk-usa-trans-24-200x203-1-ovyh1hoe3s7kavj3axlddzq2tyvrkw05zk5ksene20.png\" alt=\"patch-wmdk-usa-trans-24-200x203\" \/><\/figure><\/div><div class=\"swiper-slide\" role=\"group\" aria-roledescription=\"slide\" aria-label=\"3 de 21\"><figure class=\"swiper-slide-inner\"><img decoding=\"async\" class=\"swiper-slide-image\" src=\"https:\/\/apply.wmdk.com\/files\/elementor\/thumbs\/patch-wmdk-uk-trans-24-200x202-2-ow0eh7ox8i53ykjkog9tc722p62fr9qac1dg9caaqw.png\" alt=\"patch-wmdk-uk-trans-24-200x202\" \/><\/figure><\/div><div class=\"swiper-slide\" role=\"group\" aria-roledescription=\"slide\" aria-label=\"4 de 21\"><figure class=\"swiper-slide-inner\"><img decoding=\"async\" class=\"swiper-slide-image\" src=\"https:\/\/apply.wmdk.com\/files\/elementor\/thumbs\/patch-wmdk-greece-hq-trans-24-200x203-1-ow214u4ejsslydaka7nnsc2kt259smq6nlo2ddd0iw.png\" alt=\"patch-wmdk-greece-hq-trans-24-200x203\" \/><\/figure><\/div><div class=\"swiper-slide\" role=\"group\" aria-roledescription=\"slide\" aria-label=\"5 de 21\"><figure class=\"swiper-slide-inner\"><img decoding=\"async\" class=\"swiper-slide-image\" src=\"https:\/\/apply.wmdk.com\/files\/elementor\/thumbs\/patch-wmdk-france-hq-trans-24-200x204-1-ow9f9jrek42fegrvnj0maoc26o1a1thnvq2y1fxzhk.png\" alt=\"patch-wmdk-france-hq-trans-24-200x204\" \/><\/figure><\/div><div class=\"swiper-slide\" role=\"group\" aria-roledescription=\"slide\" aria-label=\"6 de 21\"><figure class=\"swiper-slide-inner\"><img decoding=\"async\" class=\"swiper-slide-image\" src=\"https:\/\/apply.wmdk.com\/files\/elementor\/thumbs\/patch-wmdk-trans-malaysia-200x200-1-ovxze2s23mdjwii5o9sjuc4icyr86tgemjx5qks8a0.png\" alt=\"patch-wmdk-trans-malaysia-200x200\" \/><\/figure><\/div><div class=\"swiper-slide\" role=\"group\" aria-roledescription=\"slide\" aria-label=\"7 de 21\"><figure class=\"swiper-slide-inner\"><img decoding=\"async\" class=\"swiper-slide-image\" src=\"https:\/\/apply.wmdk.com\/files\/elementor\/thumbs\/patch-wmdk-mexico-hq-trans-24-200x203-1-ow035fdk9zwv4ovjv6mim3l11bzuegug9ok31swy5k.png\" alt=\"patch-wmdk-mexico-hq-trans-24-200x203\" \/><\/figure><\/div><div class=\"swiper-slide\" role=\"group\" aria-roledescription=\"slide\" aria-label=\"8 de 21\"><figure class=\"swiper-slide-inner\"><img decoding=\"async\" class=\"swiper-slide-image\" src=\"https:\/\/apply.wmdk.com\/files\/elementor\/thumbs\/patch-wmdk-spain-hq-trans-24-200x203-1-ow21595tl5d744opue5ow89yb8357sdw1o3u1sqprc.png\" alt=\"patch-wmdk-spain-hq-trans-24-200x203\" \/><\/figure><\/div><div class=\"swiper-slide\" role=\"group\" aria-roledescription=\"slide\" aria-label=\"9 de 21\"><figure class=\"swiper-slide-inner\"><img decoding=\"async\" class=\"swiper-slide-image\" src=\"https:\/\/apply.wmdk.com\/files\/elementor\/thumbs\/patch-wmdk-philippines-hq-trans-24-200x202-1-ow9f9xuzemlq8m7ed740u2rz3g3s9a1mxnv88ld2w8.png\" alt=\"patch-wmdk-philippines-hq-trans-24-200x202\" \/><\/figure><\/div><div class=\"swiper-slide\" role=\"group\" aria-roledescription=\"slide\" aria-label=\"10 de 21\"><figure class=\"swiper-slide-inner\"><img decoding=\"async\" class=\"swiper-slide-image\" src=\"https:\/\/apply.wmdk.com\/files\/elementor\/thumbs\/patch-wmdk-iceland-trans-24-200x200-1-ovyhpm79ip8iakhifd0ndwjzpzyx57s5ayy882vmco.png\" alt=\"patch-wmdk-iceland-trans-24-200x200\" \/><\/figure><\/div><div class=\"swiper-slide\" role=\"group\" aria-roledescription=\"slide\" aria-label=\"11 de 21\"><figure class=\"swiper-slide-inner\"><img decoding=\"async\" class=\"swiper-slide-image\" src=\"https:\/\/apply.wmdk.com\/files\/elementor\/thumbs\/patch-wmdk-costa-rica-trans-24-200x201-1-ovyh1cz75m14otpx2dk8jiwrv1ixiehiaww5e0ucx4.png\" alt=\"patch-wmdk-costa-rica-trans-24-200x201\" \/><\/figure><\/div><div class=\"swiper-slide\" role=\"group\" aria-roledescription=\"slide\" aria-label=\"12 de 21\"><figure class=\"swiper-slide-inner\"><img decoding=\"async\" class=\"swiper-slide-image\" src=\"https:\/\/apply.wmdk.com\/files\/elementor\/thumbs\/patch-wmdk-argentina-hq-trans-24-200x207-1-ow034zeb1taznbirghpuxpm6xs6lrm30jhgtw3kn3c.png\" alt=\"patch-wmdk-argentina-hq-trans-24-200x207\" \/><\/figure><\/div><div class=\"swiper-slide\" role=\"group\" aria-roledescription=\"slide\" aria-label=\"13 de 21\"><figure class=\"swiper-slide-inner\"><img decoding=\"async\" class=\"swiper-slide-image\" src=\"https:\/\/apply.wmdk.com\/files\/elementor\/thumbs\/patch-wmdk-puerto-rico-hq-trans-24-200x200-1-ow035ppsd6b0oegj6t3eviz3kkkvr4zhz3qfbuhm94.png\" alt=\"patch-wmdk-puerto-rico-hq-trans-24-200x200\" \/><\/figure><\/div><div class=\"swiper-slide\" role=\"group\" aria-roledescription=\"slide\" aria-label=\"14 de 21\"><figure class=\"swiper-slide-inner\"><img decoding=\"async\" class=\"swiper-slide-image\" src=\"https:\/\/apply.wmdk.com\/files\/elementor\/thumbs\/patch-wmdk-chile-hq-trans-24-200x200-1-ow9fl1ce37slaw34khsgrryvk7es4n3k4l4l76wrfs.png\" alt=\"patch-wmdk-chile-hq-trans-24-200x200\" \/><\/figure><\/div><div class=\"swiper-slide\" role=\"group\" aria-roledescription=\"slide\" aria-label=\"15 de 21\"><figure class=\"swiper-slide-inner\"><img decoding=\"async\" class=\"swiper-slide-image\" src=\"https:\/\/apply.wmdk.com\/files\/elementor\/thumbs\/patch-wmdk-trans-iran-200x200-1-ovxzdy2v5g74agozfprezvb7e1ee4bxqxwnqc6z754.png\" alt=\"patch-wmdk-trans-iran-200x200\" \/><\/figure><\/div><div class=\"swiper-slide\" role=\"group\" aria-roledescription=\"slide\" aria-label=\"16 de 21\"><figure class=\"swiper-slide-inner\"><img decoding=\"async\" class=\"swiper-slide-image\" src=\"https:\/\/apply.wmdk.com\/files\/elementor\/thumbs\/patch-wmdk-trans-belgium-200x200-1-ovxzd4012r1xyxwobcrcs2wgdpina0mc5rs6zc7so8.png\" alt=\"patch-wmdk-trans-belgium-200x200\" \/><\/figure><\/div><div class=\"swiper-slide\" role=\"group\" aria-roledescription=\"slide\" aria-label=\"17 de 21\"><figure class=\"swiper-slide-inner\"><img decoding=\"async\" class=\"swiper-slide-image\" src=\"https:\/\/apply.wmdk.com\/files\/elementor\/thumbs\/patch-wmdk-panama-hq-trans-24-200x203-2-ow0ecxje3oa32irholmzz9yh9z68owqb2udtjymv3c.png\" alt=\"patch-wmdk-panama-hq-trans-24-200x203\" \/><\/figure><\/div><div class=\"swiper-slide\" role=\"group\" aria-roledescription=\"slide\" aria-label=\"18 de 21\"><figure class=\"swiper-slide-inner\"><img decoding=\"async\" class=\"swiper-slide-image\" src=\"https:\/\/apply.wmdk.com\/files\/elementor\/thumbs\/brazil-moo-duk-kwan-patch-24-200x200-1-ovygbzc2mnaf7ul19emv7xgqgim5olqetas6x2h0x4.png\" alt=\"brazil-moo-duk-kwan-patch-24-200x200\" \/><\/figure><\/div><div class=\"swiper-slide\" role=\"group\" aria-roledescription=\"slide\" aria-label=\"19 de 21\"><figure class=\"swiper-slide-inner\"><img decoding=\"async\" class=\"swiper-slide-image\" src=\"https:\/\/apply.wmdk.com\/files\/elementor\/thumbs\/patch-wmdk-trans-germany-200x198-1-ovxzdnqn29syqr4043aiqfx4ustcrnsp8hhe25ej1k.png\" alt=\"patch-wmdk-trans-germany-200x198\" \/><\/figure><\/div><div class=\"swiper-slide\" role=\"group\" aria-roledescription=\"slide\" aria-label=\"20 de 21\"><figure class=\"swiper-slide-inner\"><img decoding=\"async\" class=\"swiper-slide-image\" src=\"https:\/\/apply.wmdk.com\/files\/elementor\/thumbs\/patch-wmdk-trans-australia-hq-v2-trans-24-200x200-1-ow1mtx58o1wvwf8k14y3drt9ta3o5pjo705h3itz3c.png\" alt=\"patch-wmdk-trans-australia-hq-v2-trans-24-200x200\" \/><\/figure><\/div><div class=\"swiper-slide\" role=\"group\" aria-roledescription=\"slide\" aria-label=\"21 de 21\"><figure class=\"swiper-slide-inner\"><img decoding=\"async\" class=\"swiper-slide-image\" src=\"https:\/\/apply.wmdk.com\/files\/elementor\/thumbs\/patch-wmdk-korea-tu-trans-24-200x200-1-ow1mti3tmpcaqnuegyg29vlwb45sqjvysxppf3g9uw.png\" alt=\"patch-wmdk-korea-tu-trans-24-200x200\" \/><\/figure><\/div>\t\t\t<\/div>\n\t\t\t\t\t\t\t\t\t\t\t\t<div class=\"elementor-swiper-button elementor-swiper-button-prev\" role=\"button\" tabindex=\"0\">\n\t\t\t\t\t\t<i aria-hidden=\"true\" class=\"eicon-chevron-left\"><\/i>\t\t\t\t\t<\/div>\n\t\t\t\t\t<div class=\"elementor-swiper-button elementor-swiper-button-next\" role=\"button\" tabindex=\"0\">\n\t\t\t\t\t\t<i aria-hidden=\"true\" class=\"eicon-chevron-right\"><\/i>\t\t\t\t\t<\/div>\n\t\t\t\t\n\t\t\t\t\t\t\t\t\t<\/div>\n\t\t\t\t\t\t<\/div>\n\t\t\t\t<\/div>\n\t\t\t\t<div class=\"elementor-element elementor-element-f25dc22 elementor-widget elementor-widget-spacer\" data-id=\"f25dc22\" data-element_type=\"widget\" data-e-type=\"widget\" data-widget_type=\"spacer.default\">\n\t\t\t\t<div class=\"elementor-widget-container\">\n\t\t\t\t\t\t\t<div class=\"elementor-spacer\">\n\t\t\t<div class=\"elementor-spacer-inner\"><\/div>\n\t\t<\/div>\n\t\t\t\t\t\t<\/div>\n\t\t\t\t<\/div>\n\t\t\t\t<div class=\"elementor-element elementor-element-777fdc92 elementor-widget elementor-widget-heading\" data-id=\"777fdc92\" data-element_type=\"widget\" data-e-type=\"widget\" data-widget_type=\"heading.default\">\n\t\t\t\t<div class=\"elementor-widget-container\">\n\t\t\t\t\t<h1 class=\"elementor-heading-title elementor-size-default\">AUDICIONES ABIERTAS PARA MIEMBROS DE WMDK\n<\/h1>\t\t\t\t<\/div>\n\t\t\t\t<\/div>\n\t\t\t\t<div class=\"elementor-element elementor-element-c8adbed elementor-widget elementor-widget-spacer\" data-id=\"c8adbed\" data-element_type=\"widget\" data-e-type=\"widget\" data-widget_type=\"spacer.default\">\n\t\t\t\t<div class=\"elementor-widget-container\">\n\t\t\t\t\t\t\t<div class=\"elementor-spacer\">\n\t\t\t<div class=\"elementor-spacer-inner\"><\/div>\n\t\t<\/div>\n\t\t\t\t\t\t<\/div>\n\t\t\t\t<\/div>\n\t\t\t\t<div class=\"elementor-element elementor-element-ab99092 elementor-widget elementor-widget-text-editor\" data-id=\"ab99092\" data-element_type=\"widget\" data-e-type=\"widget\" data-widget_type=\"text-editor.default\">\n\t\t\t\t<div class=\"elementor-widget-container\">\n\t\t\t\t\t\t\t\t\t<p style=\"text-align: center;\"><span style=\"font-size: 14pt;\"><strong>4-7 a\u00f1os (Yu Chi Bu)<br \/><\/strong><\/span><span style=\"font-size: 14pt;\"><strong>[Preescolar]<\/strong><\/span><\/p><p style=\"text-align: center;\"><span style=\"font-size: 14pt;\"><strong>8-12 a\u00f1os (A Dong Bu)<br \/>[Escuela primaria]<\/strong><\/span><\/p><p style=\"text-align: center;\"><span style=\"font-size: 14pt;\"><strong>13-18 a\u00f1os (Hak Seng Bu)<br \/>[Escuela secundaria media]<\/strong><\/span><\/p>\t\t\t\t\t\t\t\t<\/div>\n\t\t\t\t<\/div>\n\t\t\t\t<section data-particle_enable=\"false\" data-particle-mobile-disabled=\"false\" class=\"elementor-section elementor-inner-section elementor-element elementor-element-f798b8a elementor-section-boxed elementor-section-height-default elementor-section-height-default\" data-id=\"f798b8a\" data-element_type=\"section\" data-e-type=\"section\">\n\t\t\t\t\t\t<div class=\"elementor-container elementor-column-gap-default\">\n\t\t\t\t\t<div class=\"elementor-column elementor-col-100 elementor-inner-column elementor-element elementor-element-0f05eb4\" data-id=\"0f05eb4\" data-element_type=\"column\" data-e-type=\"column\">\n\t\t\t<div class=\"elementor-widget-wrap elementor-element-populated\">\n\t\t\t\t\t\t<div class=\"elementor-element elementor-element-45e0c52 elementor-widget elementor-widget-heading\" data-id=\"45e0c52\" data-element_type=\"widget\" data-e-type=\"widget\" data-widget_type=\"heading.default\">\n\t\t\t\t<div class=\"elementor-widget-container\">\n\t\t\t\t\t<h2 class=\"elementor-heading-title elementor-size-default\"><a href=\"https:\/\/apply.wmdk.com\/es_pr\/faq-about-young-warrior-showcase\/\">Preguntas frecuentes sobre Young Warrior Showcase<\/a><\/h2>\t\t\t\t<\/div>\n\t\t\t\t<\/div>\n\t\t\t\t<div class=\"elementor-element elementor-element-ead0f23 elementor-cta--layout-image-left elementor-cta--skin-classic elementor-animated-content elementor-bg-transform elementor-bg-transform-zoom-in elementor-widget elementor-widget-call-to-action\" data-id=\"ead0f23\" data-element_type=\"widget\" data-e-type=\"widget\" data-widget_type=\"call-to-action.default\">\n\t\t\t\t<div class=\"elementor-widget-container\">\n\t\t\t\t\t\t\t<div class=\"elementor-cta\">\n\t\t\t\t\t<div class=\"elementor-cta__bg-wrapper\">\n\t\t\t\t<div class=\"elementor-cta__bg elementor-bg\" style=\"background-image: url(https:\/\/apply.wmdk.com\/files\/2020\/09\/P7310139-1024x768.jpg);\" role=\"img\" aria-label=\"C\u00c1MARA DIGITAL OLYMPUS\"><\/div>\n\t\t\t\t<div class=\"elementor-cta__bg-overlay\"><\/div>\n\t\t\t<\/div>\n\t\t\t\t\t\t\t<div class=\"elementor-cta__content\">\n\t\t\t\t\n\t\t\t\t\t\t\t\t\t<h2 class=\"elementor-cta__title elementor-cta__content-item elementor-content-item\">\n\t\t\t\t\t\tGrabe previamente y cargue su audici\u00f3n\t\t\t\t\t<\/h2>\n\t\t\t\t\n\t\t\t\t\t\t\t\t\t<div class=\"elementor-cta__description elementor-cta__content-item elementor-content-item\">\n\t\t\t\t\t\tCargue actuaciones de audici\u00f3n grabadas en su horario<br>Sube tu interpretaci\u00f3n de la audici\u00f3n antes del cierre de las audiciones <br>5 de mayo de 2021\t\t\t\t\t<\/div>\n\t\t\t\t\n\t\t\t\t\t\t\t\t\t<div class=\"elementor-cta__button-wrapper elementor-cta__content-item elementor-content-item\">\n\t\t\t\t\t<a class=\"elementor-cta__button elementor-button elementor-size-\" href=\"https:\/\/apply.wmdk.com\/es_pr\/auditions\/\">\n\t\t\t\t\t\tSubir video de audici\u00f3n\t\t\t\t\t<\/a>\n\t\t\t\t\t<\/div>\n\t\t\t\t\t\t\t<\/div>\n\t\t\t\t\t\t\t<div class=\"elementor-ribbon elementor-ribbon-left\">\n\t\t\t\t<div class=\"elementor-ribbon-inner\">\n\t\t\t\t\tAUDICI\u00d3N\t\t\t\t<\/div>\n\t\t\t<\/div>\n\t\t\t\t<\/div>\n\t\t\t\t\t\t<\/div>\n\t\t\t\t<\/div>\n\t\t\t\t\t<\/div>\n\t\t<\/div>\n\t\t\t\t\t<\/div>\n\t\t<\/section>\n\t\t\t\t<div class=\"elementor-element elementor-element-3a8aa2e elementor-widget elementor-widget-spacer\" data-id=\"3a8aa2e\" data-element_type=\"widget\" data-e-type=\"widget\" data-widget_type=\"spacer.default\">\n\t\t\t\t<div class=\"elementor-widget-container\">\n\t\t\t\t\t\t\t<div class=\"elementor-spacer\">\n\t\t\t<div class=\"elementor-spacer-inner\"><\/div>\n\t\t<\/div>\n\t\t\t\t\t\t<\/div>\n\t\t\t\t<\/div>\n\t\t\t\t\t<\/div>\n\t\t<\/div>\n\t\t\t\t\t<\/div>\n\t\t<\/section>\n\t\t\t\t<\/div>","protected":false},"excerpt":{"rendered":"<p>MUESTRA DE JOVEN GUERRERO Moo Duk Kwan\u00ae Anterior Siguiente AUDICIONES ABIERTAS A MIEMBROS DE WMDK 4-7 a\u00f1os (Yu Chi Bu)[Preescolar] 8-12 a\u00f1os (A Dong Bu)[Escuela primaria] 13-18 a\u00f1os (Hak Seng Bu) [Escuela intermedia\/secundaria] Preguntas frecuentes sobre Young Warrior Showcase Grabe previamente y cargue su audici\u00f3n Cargue presentaciones de audiciones grabadas en su agenda Cargue su presentaci\u00f3n de audici\u00f3n antes de las audiciones [\u2026]<\/p>","protected":false},"author":4267,"featured_media":0,"parent":0,"menu_order":0,"comment_status":"closed","ping_status":"closed","template":"","meta":{"footnotes":""},"wf_page_folders":[],"class_list":["post-20432","page","type-page","status-publish","hentry","wpbf-post"],"_links":{"self":[{"href":"https:\/\/apply.wmdk.com\/es_pr\/wp-json\/wp\/v2\/pages\/20432","targetHints":{"allow":["GET"]}}],"collection":[{"href":"https:\/\/apply.wmdk.com\/es_pr\/wp-json\/wp\/v2\/pages"}],"about":[{"href":"https:\/\/apply.wmdk.com\/es_pr\/wp-json\/wp\/v2\/types\/page"}],"author":[{"embeddable":true,"href":"https:\/\/apply.wmdk.com\/es_pr\/wp-json\/wp\/v2\/users\/4267"}],"replies":[{"embeddable":true,"href":"https:\/\/apply.wmdk.com\/es_pr\/wp-json\/wp\/v2\/comments?post=20432"}],"version-history":[{"count":8,"href":"https:\/\/apply.wmdk.com\/es_pr\/wp-json\/wp\/v2\/pages\/20432\/revisions"}],"predecessor-version":[{"id":20849,"href":"https:\/\/apply.wmdk.com\/es_pr\/wp-json\/wp\/v2\/pages\/20432\/revisions\/20849"}],"wp:attachment":[{"href":"https:\/\/apply.wmdk.com\/es_pr\/wp-json\/wp\/v2\/media?parent=20432"}],"wp:term":[{"taxonomy":"wf_page_folders","embeddable":true,"href":"https:\/\/apply.wmdk.com\/es_pr\/wp-json\/wp\/v2\/wf_page_folders?post=20432"}],"curies":[{"name":"gracias","href":"https:\/\/api.w.org\/{rel}","templated":true}]}}