{"id":20562,"date":"2020-09-24T20:23:00","date_gmt":"2020-09-25T01:23:00","guid":{"rendered":"https:\/\/apply.wmdk.com\/?page_id=20562"},"modified":"2020-09-29T19:54:17","modified_gmt":"2020-09-29T23:54:17","slug":"faq-about-young-warrior-showcase","status":"publish","type":"page","link":"https:\/\/apply.wmdk.com\/is\/faq-about-young-warrior-showcase\/","title":{"rendered":"Algengar spurningar um Young Warrior Showcase"},"content":{"rendered":"<style>.ewd-ufaq-post-margin-symbol { color: #ffffff !important; }div.ewd-ufaq-faq-title h4 { color: #ffffff !important; }div.ewd-ufaq-faq-post p { color: #ffffff !important; }div.ewd-ufaq-author-date { color: #ffffff !important; }div.ewd-ufaq-faq-category-title h4 { color: #ffffff !important; }div.ewd-ufaq-faq-categories, div.ewd-ufaq-faq-tags { color: #ffffff !important; }<\/style><div  class=\"ewd-ufaq-faq-list ewd-ufaq-page-type-infinite_scroll ewd-ufaq-category-tabs- ewd-ufaq-faq-category-title-accordion\" id='ewd-ufaq-faq-list'>\n\n\t<input type='hidden' name='show_on_load' value='' id='ewd-ufaq-show-on-load' \/>\n<input type='hidden' name='include_category' value='' id='ewd-ufaq-include-category' \/>\n<input type='hidden' name='exclude_category' value='' id='ewd-ufaq-exclude-category' \/>\n<input type='hidden' name='orderby' value='set_order' id='ewd-ufaq-orderby' \/>\n<input type='hidden' name='order' value='desc' id='ewd-ufaq-order' \/>\n<input type='hidden' name='post_count' value='-1' id='ewd-ufaq-post-count' \/>\n<input type='hidden' name='current_url' value='\/is\/wp-json\/wp\/v2\/pages\/20562' id='ewd-ufaq-current-url' \/>\n\t\n\t\n\t<div class='ewd-ufaq-faqs'>\n\n\t\t<div  class=\"ewd-ufaq-faq-div ewd-ufaq-faq-column-count-one ewd-ufaq-faq-responsive-columns-1 ewd-ufaq-faq-display-style-default ewd-ufaq-can-be-toggled\" id='ewd-ufaq-post-20837-g8EmWgjhp3' data-post_id='20837'>\n\n\t\t\n\t<div class='ewd-ufaq-faq-title ewd-ufaq-faq-toggle'>\n\t\n\t<a class='ewd-ufaq-post-margin'  href='#' role=\"button\">\n\n\t\t<div class='ewd-ufaq-post-margin-symbol ewd-ufaq-square'>\n\t\t\t<span >C<\/span>\n\t\t<\/div>\n\n\t\t<div class='ewd-ufaq-faq-title-text'>\n\n\t\t\t<h4>\n\t\t\t\tHva\u00f0 er Young Warriror Showcase?\t\t\t<\/h4>\n\n\t\t<\/div>\n\n\t\t<div class='ewd-ufaq-clear'><\/div>\n\n\t<\/a>\n\t\n<\/div>\n\t\n\t<div class='ewd-ufaq-faq-body' >\n\n\t\t\n\t\t\t<div class='ewd-ufaq-author-date'>\n\n\tSent af\n<span class='ewd-ufaq-author'>\n\tSoo Bahk Do Biz<\/span>\n\t\u00e1\n<span class='ewd-ufaq-date'>\n\t28\/03\/2021<\/span>\n<\/div>\n\t\t\n\t\t\t<div class='ewd-ufaq-post-margin ewd-ufaq-faq-post'>\n\t<blockquote>\n<div dir=\"ltr\">\n<div>Markmi\u00f0i\u00f0 me\u00f0 Young Warrior Showcase er a\u00f0 leita a\u00f0 og \u00f6\u00f0last bestu m\u00f6gulegu t\u00e6knilegar s\u00fdningar fr\u00e1 f\u00e6rustu yngri i\u00f0kendum svo h\u00e6gt s\u00e9 a\u00f0 s\u00fdna \u00fe\u00e6r s\u00fdningar \u00e1 Soo Bahk Do<sup>\u00ae<\/sup> Stofnunin sem s\u00fdningar sem best s\u00fdna Moo Duk Kwan<sup>\u00ae<\/sup> v\u00e6ntingar og vi\u00f0mi\u00f0 fyrir yngri i\u00f0kendur.<\/div>\n<\/div>\n<\/blockquote>\n<\/div>\n\t\t\n\t\t\t<div class='ewd-ufaq-faq-custom-fields'>\n\n\t\n<\/div>\n\t\t\n\t\t\t<div class='ewd-ufaq-faq-categories'>\n\t\n\tFlokkur: Young Warrior Showcase\n\t\n<\/div>\n\t\t\n\t\t\t\n\t\t\n\t\t\t\n\t\t\n\t\t\t<div class='ewd-ufaq-social-links'>\n\n\t<span class='ewd-ufaq-social-links-label'>\n\t\tDeildu\t<\/span>\n\t\n\t<ul class='rrssb-buttons'>\n\t\t<li class='rrssb-facebook'>\n\n\t<a href='https:\/\/www.facebook.com\/sharer\/sharer.php?u=https%3A%2F%2Fapply.wmdk.com%2Fis%2Ffaq%2Fwhat-is-the-young-warriror-showcase%2Fsingle-faq%2Fwhat-is-the-young-warriror-showcase%2F' class='popup'>\n\n\t\t<span class='rrssb-icon'>\n\n\t\t\t<svg xmlns='http:\/\/www.w3.org\/2000\/svg' preserveaspectratio='xMidYMid' width='29' height='29' viewbox='0 0 29 29'>\n\t\t\t\t<path d='M26.4 0H2.6C1.714 0 0 1.715 0 2.6v23.8c0 .884 1.715 2.6 2.6 2.6h12.393V17.988h-3.996v-3.98h3.997v-3.062c0-3.746 2.835-5.97 6.177-5.97 1.6 0 2.444.173 2.845.226v3.792H21.18c-1.817 0-2.156.9-2.156 2.168v2.847h5.045l-.66 3.978h-4.386V29H26.4c.884 0 2.6-1.716 2.6-2.6V2.6c0-.885-1.716-2.6-2.6-2.6z' class='cls-2' fill-rule='evenodd' \/>\n\t\t\t<\/svg>\n\n\t\t<\/span>\n\n\t\t<span class='rrssb-text'>facebook<\/span>\n\n\t<\/a>\n\n<\/li><li class='rrssb-twitter'>\n\n\t<a href='https:\/\/twitter.com\/intent\/tweet?text=Check+out+this+helpful+FAQ%3A+What+is+the+Young+Warriror+Showcase%3F+%7C+https%3A%2F%2Fapply.wmdk.com%2Fis%2Ffaq%2Fwhat-is-the-young-warriror-showcase%2Fsingle-faq%2Fwhat-is-the-young-warriror-showcase%2F' class='popup'>\n\n\t\t<span class='rrssb-icon'>\n\n\t\t\t<svg xmlns='http:\/\/www.w3.org\/2000\/svg' width='28' height='28' viewbox='0 0 28 28'>\n\t\t\t\t<path d='M24.253 8.756C24.69 17.08 18.297 24.182 9.97 24.62c-3.122.162-6.22-.646-8.86-2.32 2.702.18 5.375-.648 7.507-2.32-2.072-.248-3.818-1.662-4.49-3.64.802.13 1.62.077 2.4-.154-2.482-.466-4.312-2.586-4.412-5.11.688.276 1.426.408 2.168.387-2.135-1.65-2.73-4.62-1.394-6.965C5.574 7.816 9.54 9.84 13.802 10.07c-.842-2.738.694-5.64 3.434-6.48 2.018-.624 4.212.043 5.546 1.682 1.186-.213 2.318-.662 3.33-1.317-.386 1.256-1.248 2.312-2.4 2.942 1.048-.106 2.07-.394 3.02-.85-.458 1.182-1.343 2.15-2.48 2.71z' \/>\n\t\t\t<\/svg>\n\n\t\t<\/span>\n\n\t\t<span class='rrssb-text'>kvak<\/span>\n\n\t<\/a>\n\n<\/li><li class='rrssb-pinterest'>\n\n\t<a href='http:\/\/pinterest.com\/pin\/create\/button\/?url=https:\/\/apply.wmdk.com\/is\/faq\/what-is-the-young-warriror-showcase\/single-faq\/what-is-the-young-warriror-showcase\/&description=Check+out+this+helpful+FAQ%3A+What+is+the+Young+Warriror+Showcase%3F' class='popup'>\n\n\t\t<span class='rrssb-icon'>\n\n\t\t\t<svg xmlns='http:\/\/www.w3.org\/2000\/svg' width='28' height='28' viewbox='0 0 28 28'>\n\t\t\t\t<path d='M14.02 1.57c-7.06 0-12.784 5.723-12.784 12.785S6.96 27.14 14.02 27.14c7.062 0 12.786-5.725 12.786-12.785 0-7.06-5.724-12.785-12.785-12.785zm1.24 17.085c-1.16-.09-1.648-.666-2.558-1.22-.5 2.627-1.113 5.146-2.925 6.46-.56-3.972.822-6.952 1.462-10.117-1.094-1.84.13-5.545 2.437-4.632 2.837 1.123-2.458 6.842 1.1 7.557 3.71.744 5.226-6.44 2.924-8.775-3.324-3.374-9.677-.077-8.896 4.754.19 1.178 1.408 1.538.49 3.168-2.13-.472-2.764-2.15-2.683-4.388.132-3.662 3.292-6.227 6.46-6.582 4.008-.448 7.772 1.474 8.29 5.24.58 4.254-1.815 8.864-6.1 8.532v.003z' \/>\n\t\t\t<\/svg>\n\n\t\t<\/span>\n\n\t\t<span class='rrssb-text'>Pinterest<\/span>\n\n\t<\/a>\n\n<\/li>\t<\/ul>\n\n<\/div>\n\t\t\n\t\t\t\n\t\t\n\t\t\t\n\t\t\n\t\t\t<div class='ewd-ufaq-back-to-top'>\n\t\n\t<a class='ewd-ufaq-back-to-top-link'>\n\t\tAftur \u00e1 toppinn\t<\/a>\n\n<\/div>\n\t\t\n\t<\/div>\n\n<\/div>\n\t<\/div>\n\n\t\n<\/div>","protected":false},"excerpt":{"rendered":"<p>C Hva\u00f0 er Young Warriror Showcase? Sent af Soo Bahk Do Biz \u00feann 28\/03\/2021 Markmi\u00f0 Young Warrior Showcase er a\u00f0 leita a\u00f0 og \u00f6\u00f0last bestu m\u00f6gulegu t\u00e6kniframmist\u00f6\u00f0u fr\u00e1 f\u00e6rustu yngri i\u00f0kendum svo h\u00e6gt s\u00e9 a\u00f0 s\u00fdna \u00fe\u00e1 frammist\u00f6\u00f0u \u00e1 Soo Bahk Do\u00ae Institute sem s\u00fdningar sem bestar [\u2026]<\/p>","protected":false},"author":4267,"featured_media":0,"parent":0,"menu_order":0,"comment_status":"closed","ping_status":"closed","template":"","meta":{"footnotes":""},"wf_page_folders":[],"class_list":["post-20562","page","type-page","status-publish","hentry","wpbf-post"],"_links":{"self":[{"href":"https:\/\/apply.wmdk.com\/is\/wp-json\/wp\/v2\/pages\/20562","targetHints":{"allow":["GET"]}}],"collection":[{"href":"https:\/\/apply.wmdk.com\/is\/wp-json\/wp\/v2\/pages"}],"about":[{"href":"https:\/\/apply.wmdk.com\/is\/wp-json\/wp\/v2\/types\/page"}],"author":[{"embeddable":true,"href":"https:\/\/apply.wmdk.com\/is\/wp-json\/wp\/v2\/users\/4267"}],"replies":[{"embeddable":true,"href":"https:\/\/apply.wmdk.com\/is\/wp-json\/wp\/v2\/comments?post=20562"}],"version-history":[{"count":8,"href":"https:\/\/apply.wmdk.com\/is\/wp-json\/wp\/v2\/pages\/20562\/revisions"}],"predecessor-version":[{"id":20735,"href":"https:\/\/apply.wmdk.com\/is\/wp-json\/wp\/v2\/pages\/20562\/revisions\/20735"}],"wp:attachment":[{"href":"https:\/\/apply.wmdk.com\/is\/wp-json\/wp\/v2\/media?parent=20562"}],"wp:term":[{"taxonomy":"wf_page_folders","embeddable":true,"href":"https:\/\/apply.wmdk.com\/is\/wp-json\/wp\/v2\/wf_page_folders?post=20562"}],"curies":[{"name":"wp","href":"https:\/\/api.w.org\/{rel}","templated":true}]}}